{"id":147,"date":"2023-04-27T16:28:43","date_gmt":"2023-04-27T16:28:43","guid":{"rendered":"https:\/\/sistemasalusol.com\/?page_id=147"},"modified":"2023-10-17T10:09:46","modified_gmt":"2023-10-17T10:09:46","slug":"quienes-somos","status":"publish","type":"page","link":"https:\/\/sistemasalusol.com\/en\/quienes-somos\/","title":{"rendered":"Quienes somos"},"content":{"rendered":"\t\t<div data-elementor-type=\"wp-page\" data-elementor-id=\"147\" class=\"elementor elementor-147\" data-elementor-post-type=\"page\">\n\t\t\t\t\t\t<section class=\"elementor-section elementor-top-section elementor-element elementor-element-1a4a5dbb animated-slow elementor-section-boxed elementor-section-height-default elementor-section-height-default elementor-invisible\" data-id=\"1a4a5dbb\" data-element_type=\"section\" data-settings=\"{&quot;background_background&quot;:&quot;classic&quot;,&quot;animation&quot;:&quot;fadeIn&quot;,&quot;background_motion_fx_motion_fx_scrolling&quot;:&quot;yes&quot;,&quot;background_motion_fx_scale_effect&quot;:&quot;yes&quot;,&quot;background_motion_fx_scale_speed&quot;:{&quot;unit&quot;:&quot;px&quot;,&quot;size&quot;:1.5,&quot;sizes&quot;:[]},&quot;background_motion_fx_scale_direction&quot;:&quot;out-in&quot;,&quot;background_motion_fx_scale_range&quot;:{&quot;unit&quot;:&quot;%&quot;,&quot;size&quot;:&quot;&quot;,&quot;sizes&quot;:{&quot;start&quot;:20,&quot;end&quot;:80}},&quot;background_motion_fx_devices&quot;:[&quot;desktop&quot;,&quot;tablet&quot;,&quot;mobile&quot;]}\">\n\t\t\t\t\t\t\t<div class=\"elementor-background-overlay\"><\/div>\n\t\t\t\t\t\t\t<div class=\"elementor-container elementor-column-gap-default\">\n\t\t\t\t\t<div class=\"elementor-column elementor-col-100 elementor-top-column elementor-element elementor-element-55dce5ae\" data-id=\"55dce5ae\" data-element_type=\"column\" data-settings=\"{&quot;animation&quot;:&quot;none&quot;}\">\n\t\t\t<div class=\"elementor-widget-wrap elementor-element-populated\">\n\t\t\t\t\t\t<div class=\"elementor-element elementor-element-8e8b06c animated-slow elementor-invisible elementor-widget elementor-widget-heading\" data-id=\"8e8b06c\" data-element_type=\"widget\" data-settings=\"{&quot;_animation&quot;:&quot;slideInUp&quot;,&quot;_animation_mobile&quot;:&quot;fadeIn&quot;}\" data-widget_type=\"heading.default\">\n\t\t\t\t<div class=\"elementor-widget-container\">\n\t\t\t\t\t<h1 class=\"elementor-heading-title elementor-size-default\">Quienes somos<\/h1>\t\t\t\t<\/div>\n\t\t\t\t<\/div>\n\t\t\t\t\t<\/div>\n\t\t<\/div>\n\t\t\t\t\t<\/div>\n\t\t<\/section>\n\t\t\t\t<section class=\"elementor-section elementor-top-section elementor-element elementor-element-8c70191 elementor-section-boxed elementor-section-height-default elementor-section-height-default\" data-id=\"8c70191\" data-element_type=\"section\">\n\t\t\t\t\t\t<div class=\"elementor-container elementor-column-gap-default\">\n\t\t\t\t\t<div class=\"elementor-column elementor-col-50 elementor-top-column elementor-element elementor-element-705dae33\" data-id=\"705dae33\" data-element_type=\"column\" data-settings=\"{&quot;animation&quot;:&quot;none&quot;,&quot;motion_fx_motion_fx_scrolling&quot;:&quot;yes&quot;,&quot;motion_fx_translateX_effect&quot;:&quot;yes&quot;,&quot;motion_fx_translateX_speed&quot;:{&quot;unit&quot;:&quot;px&quot;,&quot;size&quot;:2,&quot;sizes&quot;:[]},&quot;motion_fx_translateX_affectedRange&quot;:{&quot;unit&quot;:&quot;%&quot;,&quot;size&quot;:&quot;&quot;,&quot;sizes&quot;:{&quot;start&quot;:0,&quot;end&quot;:50}},&quot;motion_fx_devices&quot;:[&quot;desktop&quot;,&quot;tablet&quot;,&quot;mobile&quot;]}\">\n\t\t\t<div class=\"elementor-widget-wrap elementor-element-populated\">\n\t\t\t\t\t\t<div class=\"elementor-element elementor-element-6e08eee1 animated-slow elementor-invisible elementor-widget elementor-widget-heading\" data-id=\"6e08eee1\" data-element_type=\"widget\" data-settings=\"{&quot;_animation&quot;:&quot;fadeInRight&quot;,&quot;_animation_delay&quot;:200,&quot;_animation_tablet&quot;:&quot;fadeIn&quot;}\" data-widget_type=\"heading.default\">\n\t\t\t\t<div class=\"elementor-widget-container\">\n\t\t\t\t\t<h2 class=\"elementor-heading-title elementor-size-default\">Quienes somos<\/h2>\t\t\t\t<\/div>\n\t\t\t\t<\/div>\n\t\t\t\t<div class=\"elementor-element elementor-element-40017013 animated-slow elementor-widget__width-initial elementor-widget elementor-widget-text-editor\" data-id=\"40017013\" data-element_type=\"widget\" data-settings=\"{&quot;_animation&quot;:&quot;none&quot;,&quot;_animation_delay&quot;:300,&quot;_animation_tablet&quot;:&quot;fadeIn&quot;}\" data-widget_type=\"text-editor.default\">\n\t\t\t\t<div class=\"elementor-widget-container\">\n\t\t\t\t\t\t\t\t\t<h3>Sistemas Alusol: Innovaci\u00f3n y Compromiso<\/h3><p>En Sistemas Alusol, somos una empresa din\u00e1mica que se enorgullece de su compromiso constante con la innovaci\u00f3n y la calidad. Fundada en 2002, hemos evolucionado para convertirnos en l\u00edderes en la industria de dise\u00f1o y fabricaci\u00f3n de soluciones para espacios. Nuestra pasi\u00f3n es crear productos que transformen la experiencia en espacios interiores.<\/p><h3>Nuestra Visi\u00f3n<\/h3><p>Nuestra visi\u00f3n es simple: [describe tu visi\u00f3n a largo plazo]. Nos esforzamos por ser un referente en la industria, liderando con dise\u00f1o innovador y soluciones de calidad que marquen la diferencia en la vida de las personas.<\/p><h3>Nuestros Productos Destacados<\/h3><ul><li><p><strong>Mamparas de Ba\u00f1o<\/strong>: En Sistemas Alusol, dise\u00f1amos mamparas de ba\u00f1o que unen estilo y funcionalidad. Cada una de nuestras creaciones est\u00e1 dise\u00f1ada para elevar el aspecto y la utilidad de tu espacio de ba\u00f1o.<\/p><\/li><li><p><strong>Frentes de Armario<\/strong>: Nuestros frentes de armario son sin\u00f3nimo de organizaci\u00f3n y elegancia. Ofrecemos una amplia gama de opciones para adaptarnos a tus necesidades de almacenamiento.<\/p><\/li><\/ul><h3>Nuestras Instalaciones<\/h3><p>Nuestras instalaciones ocupan m\u00e1s de 800 metros cuadrados, incluyendo m\u00e1s de 100 metros cuadrados de oficinas modernas y una exposici\u00f3n que te invita a explorar nuestras creaciones. El resto se distribuye entre nuestros talleres y almacenes equipados con tecnolog\u00eda punta. La eficiencia y la sostenibilidad son nuestra gu\u00eda en cada etapa de producci\u00f3n.<\/p>\t\t\t\t\t\t\t\t<\/div>\n\t\t\t\t<\/div>\n\t\t\t\t\t<\/div>\n\t\t<\/div>\n\t\t\t\t<div class=\"elementor-column elementor-col-50 elementor-top-column elementor-element elementor-element-81eb0e4\" data-id=\"81eb0e4\" data-element_type=\"column\">\n\t\t\t<div class=\"elementor-widget-wrap elementor-element-populated\">\n\t\t\t\t\t\t<div class=\"elementor-element elementor-element-256cd73e animated-slow elementor-invisible elementor-widget elementor-widget-image\" data-id=\"256cd73e\" data-element_type=\"widget\" data-settings=\"{&quot;_animation&quot;:&quot;fadeInLeft&quot;,&quot;_animation_tablet&quot;:&quot;fadeIn&quot;}\" data-widget_type=\"image.default\">\n\t\t\t\t<div class=\"elementor-widget-container\">\n\t\t\t\t\t\t\t\t\t\t\t\t\t\t\t<img fetchpriority=\"high\" decoding=\"async\" width=\"600\" height=\"588\" src=\"https:\/\/sistemasalusol.com\/wp-content\/uploads\/2023\/10\/1-S-20-caracteristicas-scaled-600x588.jpg\" class=\"attachment-woocommerce_single size-woocommerce_single wp-image-1040\" alt=\"\" srcset=\"https:\/\/sistemasalusol.com\/wp-content\/uploads\/2023\/10\/1-S-20-caracteristicas-scaled-600x588.jpg 600w, https:\/\/sistemasalusol.com\/wp-content\/uploads\/2023\/10\/1-S-20-caracteristicas-800x784.jpg 800w, https:\/\/sistemasalusol.com\/wp-content\/uploads\/2023\/10\/1-S-20-caracteristicas-1102x1080.jpg 1102w, https:\/\/sistemasalusol.com\/wp-content\/uploads\/2023\/10\/1-S-20-caracteristicas-768x753.jpg 768w, https:\/\/sistemasalusol.com\/wp-content\/uploads\/2023\/10\/1-S-20-caracteristicas-1536x1505.jpg 1536w, https:\/\/sistemasalusol.com\/wp-content\/uploads\/2023\/10\/1-S-20-caracteristicas-2048x2007.jpg 2048w\" sizes=\"(max-width: 600px) 100vw, 600px\" \/>\t\t\t\t\t\t\t\t\t\t\t\t\t\t\t<\/div>\n\t\t\t\t<\/div>\n\t\t\t\t\t<\/div>\n\t\t<\/div>\n\t\t\t\t\t<\/div>\n\t\t<\/section>\n\t\t\t\t<section class=\"elementor-section elementor-top-section elementor-element elementor-element-4e9e803 elementor-section-boxed elementor-section-height-default elementor-section-height-default\" data-id=\"4e9e803\" data-element_type=\"section\">\n\t\t\t\t\t\t<div class=\"elementor-container elementor-column-gap-default\">\n\t\t\t\t\t<div class=\"elementor-column elementor-col-100 elementor-top-column elementor-element elementor-element-29ba6f9\" data-id=\"29ba6f9\" data-element_type=\"column\">\n\t\t\t<div class=\"elementor-widget-wrap\">\n\t\t\t\t\t\t\t<\/div>\n\t\t<\/div>\n\t\t\t\t\t<\/div>\n\t\t<\/section>\n\t\t\t\t<\/div>\n\t\t","protected":false},"excerpt":{"rendered":"<p>Quienes somos Quienes somos Sistemas Alusol: Innovaci\u00f3n y Compromiso En Sistemas Alusol, somos una empresa din\u00e1mica que se enorgullece de su compromiso constante con la innovaci\u00f3n y la calidad. Fundada en 2002, hemos evolucionado para convertirnos en l\u00edderes en la industria de dise\u00f1o y fabricaci\u00f3n de soluciones para espacios. Nuestra pasi\u00f3n es crear productos que [&hellip;]<\/p>\n","protected":false},"author":2,"featured_media":0,"parent":0,"menu_order":0,"comment_status":"closed","ping_status":"closed","template":"","meta":{"footnotes":""},"class_list":["post-147","page","type-page","status-publish","hentry"],"_links":{"self":[{"href":"https:\/\/sistemasalusol.com\/en\/wp-json\/wp\/v2\/pages\/147","targetHints":{"allow":["GET"]}}],"collection":[{"href":"https:\/\/sistemasalusol.com\/en\/wp-json\/wp\/v2\/pages"}],"about":[{"href":"https:\/\/sistemasalusol.com\/en\/wp-json\/wp\/v2\/types\/page"}],"author":[{"embeddable":true,"href":"https:\/\/sistemasalusol.com\/en\/wp-json\/wp\/v2\/users\/2"}],"replies":[{"embeddable":true,"href":"https:\/\/sistemasalusol.com\/en\/wp-json\/wp\/v2\/comments?post=147"}],"version-history":[{"count":78,"href":"https:\/\/sistemasalusol.com\/en\/wp-json\/wp\/v2\/pages\/147\/revisions"}],"predecessor-version":[{"id":1240,"href":"https:\/\/sistemasalusol.com\/en\/wp-json\/wp\/v2\/pages\/147\/revisions\/1240"}],"wp:attachment":[{"href":"https:\/\/sistemasalusol.com\/en\/wp-json\/wp\/v2\/media?parent=147"}],"curies":[{"name":"wp","href":"https:\/\/api.w.org\/{rel}","templated":true}]}}